{"id":438,"date":"2024-06-07T09:58:49","date_gmt":"2024-06-07T09:58:49","guid":{"rendered":"https:\/\/lamontijanilla.es\/index.php\/cookies\/"},"modified":"2024-11-14T13:35:47","modified_gmt":"2024-11-14T13:35:47","slug":"cookies","status":"publish","type":"page","link":"https:\/\/lamontijanilla.es\/index.php\/cookies\/","title":{"rendered":"Pol\u00edtica de cookies"},"content":{"rendered":"\t\t<div data-elementor-type=\"wp-page\" data-elementor-id=\"438\" class=\"elementor elementor-438\" data-elementor-post-type=\"page\">\n\t\t\t\t<div class=\"elementor-element elementor-element-4f6291eb e-flex e-con-boxed e-con e-parent\" data-id=\"4f6291eb\" data-element_type=\"container\">\n\t\t\t\t\t<div class=\"e-con-inner\">\n\t\t\t\t<div class=\"elementor-element elementor-element-45b05b17 elementor-widget elementor-widget-text-editor\" data-id=\"45b05b17\" data-element_type=\"widget\" data-widget_type=\"text-editor.default\">\n\t\t\t\t<div class=\"elementor-widget-container\">\n\t\t\t\t\t\t\t\t\t<h3>Este sitio utiliza cookies<\/h3>\n<p>En cumplimiento de la Ley 34\/2002 de 11 de julio de Servicios de la Sociedad de la Informaci\u00f3n y de Comercio Electr\u00f3nico (LSSICE), te informamos de que este sitio web <strong>lamontijanilla<\/strong> utiliza cookies.<\/p>\n<p>La LSSICE se aplica a cualquier clase de archivo o dispositivo que se descargue en el equipo terminal de un usuario con el fin de almacenar datos que podr\u00e1n ser actualizados y recuperados por la entidad responsable de su instalaci\u00f3n. Una cookie es uno de esos archivos de uso generalizado a los que, denominaremos gen\u00e9ricamente como cookies.<\/p>\n<p>Las cookies (en castellano, galletas) son peque\u00f1os ficheros de texto enviados a un navegador desde un servidor web para registrar actividad del usuario en un sitio web de modo que se pueda recuperar esa informaci\u00f3n con posterioridad durante la navegaci\u00f3n por las diferentes p\u00e1ginas que est\u00e9n conectadas al servidor que se las instal\u00f3.<\/p>\n<p>Las <em>cookies<\/em> suelen almacenar informaci\u00f3n de car\u00e1cter t\u00e9cnico, preferencias personales, personalizaci\u00f3n de contenidos, estad\u00edsticas de uso, enlaces a redes sociales, acceso a cuentas de usuario, etc.<\/p>\n<h3>Tipos de cookies<\/h3>\n<p>A continuaci\u00f3n, se realiza una clasificaci\u00f3n de las cookies en funci\u00f3n de una serie de categor\u00edas. No obstante es necesario tener en cuenta que una misma cookie puede estar incluida en m\u00e1s de una categor\u00eda.<\/p>\n<h2>Seg\u00fan la entidad que las gestiona<\/h2>\n<\/p>\n<ul>\n<li><b>Cookies propias:<\/b> Son aquellas que  se env\u00edan al equipo terminal del usuario desde un equipo o dominio gestionado por el propio editor y desde el que se presta el servicio solicitado por el usuario.<\/li>\n<li><b>Cookies de terceros:<\/b> Son aquellas que se env\u00edan al equipo terminal del usuario desde un equipo o dominio que no es gestionado por el editor, sino por otra entidad que trata los datos obtenidos a trav\u00e9s de las cookies.<\/li>\n<\/ul>\n<p>En el caso de que las cookies sean instaladas desde un equipo o dominio gestionado por el propio editor, pero la informaci\u00f3n que se recoja mediante estas sea gestionada por un tercero, no son consideradas cookies propias.<\/p>\n<h2>Seg\u00fan el plazo de tiempo que permanecen activadas<\/h2>\n<p>Seg\u00fan el plazo de tiempo que permanecen activadas en el equipo terminal podemos distinguir:<\/p>\n<ul>\n<li><b>Cookies de sesi\u00f3n:<\/b> Son un tipo de cookies dise\u00f1adas para recabar y almacenar datos mientras el usuario accede a una p\u00e1gina web. Se suelen emplear para almacenar informaci\u00f3n que solo interesa conservar para la prestaci\u00f3n del servicio solicitado por el usuario en una sola ocasi\u00f3n (p.ej. una lista de productos adquiridos).<\/li>\n<li><b>Cookies persistentes:<\/b> Son un tipo de cookies en el que los datos siguen almacenados en el terminal y pueden ser accedidos y tratados durante un periodo definido por el responsable de la cookie, y que puede ir de unos minutos a varios a\u00f1os.<\/li>\n<\/ul>\n<h2>Seg\u00fan su finalidad<\/h2>\n<p>Seg\u00fan la finalidad para la que se traten los datos obtenidos a trav\u00e9s de las cookies, podemos distinguir entre:<\/p>\n<ul>\n<li><b>Cookies t\u00e9cnicas:<\/b> Son aquellas que permiten al usuario la navegaci\u00f3n a trav\u00e9s de una p\u00e1gina web, plataforma o aplicaci\u00f3n y la utilizaci\u00f3n de las diferentes opciones o servicios que en ella existan como, por ejemplo, controlar el tr\u00e1fico y la comunicaci\u00f3n de datos, identificar la sesi\u00f3n, acceder a partes de acceso restringido, recordar los elementos que integran un pedido, realizar el proceso de compra de un pedido, realizar la solicitud de inscripci\u00f3n o participaci\u00f3n en un evento, utilizar elementos de seguridad durante la navegaci\u00f3n, almacenar contenidos para la difusi\u00f3n de videos o sonido o compartir contenidos a trav\u00e9s de redes sociales.<\/li>\n<li><b>Cookies de personalizaci\u00f3n:<\/b> Son aquellas que permiten al usuario acceder al servicio con algunas caracter\u00edsticas de car\u00e1cter general predefinidas en funci\u00f3n de una serie de criterios en el terminal del usuario como por ejemplo serian el idioma, el tipo de navegador a trav\u00e9s del cual accede al servicio, la configuraci\u00f3n regional desde donde accede al servicio, etc.<\/li>\n<li><b>Cookies de an\u00e1lisis:<\/b> Son aquellas que permiten al responsable de las mismas, el seguimiento y an\u00e1lisis del comportamiento de los usuarios de los sitios web a los que est\u00e1n vinculadas. La informaci\u00f3n recogida mediante este tipo de cookies se utiliza en la medici\u00f3n de la actividad de los sitios web, aplicaci\u00f3n o plataforma y para la elaboraci\u00f3n de perfiles de navegaci\u00f3n de los usuarios de dichos sitios, aplicaciones y plataformas, con el fin de introducir mejoras en funci\u00f3n del an\u00e1lisis de los datos de uso que hacen los usuarios del servicio.<\/li>\n<li><b>Cookies publicitarias:<\/b> Son aquellas que permiten la gesti\u00f3n, de la forma m\u00e1s eficaz posible, de los espacios publicitarios que, en su caso, el editor haya incluido en una p\u00e1gina web, aplicaci\u00f3n o plataforma desde la que presta el servicio solicitado en base a criterios como el contenido editado o la frecuencia en la que se muestran los anuncios.<\/li>\n<li><b>Cookies de publicidad comportamental:<\/b> Son aquellas que permiten la gesti\u00f3n, de la forma m\u00e1s eficaz posible, de los espacios publicitarios que, en su caso, el editor haya incluido en una p\u00e1gina web, aplicaci\u00f3n o plataforma desde la que presta el servicio solicitado. Estas cookies almacenan informaci\u00f3n del comportamiento de los usuarios obtenida a trav\u00e9s de la observaci\u00f3n continuada de sus h\u00e1bitos de navegaci\u00f3n, lo que permite desarrollar un perfil espec\u00edfico para mostrar publicidad en funci\u00f3n del mismo.<\/li>\n<\/ul>\n<h3>C\u00f3mo desactivar las cookies en los principales navegadores web<\/h3>\n<p>Para configurar el uso de cookies, sigue las instrucciones correspondientes a tu navegador o consulta su ayuda:<\/p>\n<ul>\n<li><a href=\"https:\/\/support.apple.com\/es-es\/HT201265\">Safari<\/a><\/li>\n<li><a href=\"https:\/\/support.mozilla.org\/es\/kb\/habilitar-y-deshabilitar-cookies-sitios-web-rastrear-preferencias?redirectlocale=es&#038;redirectslug=habilitar-y-deshabilitar-cookies-que-los-sitios-we\">Firefox<\/a><\/li>\n<li><a href=\"https:\/\/support.google.com\/chrome\/answer\/95647?hl=es-es\">Chrome<\/a><\/li>\n<li><a href=\"https:\/\/www.opera.com\/help\/tutorials\/security\/privacy\/\">\u00d3pera<\/a><\/li>\n<li><a href=\"https:\/\/support.microsoft.com\/es-es\/help\/17442\/windows-internet-explorer-delete-manage-cookies\">Internet Explorer<\/a><\/li>\n<li><a href=\"https:\/\/privacy.microsoft.com\/es-es\/windows-10-microsoft-edge-and-privacy\">Edge<\/a><\/li>\n<\/ul>\n<h3>Qu\u00e9 sucede si no se aceptan las cookies<\/h3>\n<p>El rechazo de las cookies puede impedir el acceso a contenidos y servicios personalizados.<\/p>\n<h3>Actualizaciones y modificaciones en la pol\u00edtica de cookies<\/h3>\n<p>lamontijanilla puede modificar esta pol\u00edtica de cookies en funci\u00f3n de las exigencias legislativas, reglamentarias, con la finalidad de adaptar dicha pol\u00edtica a las instrucciones dictadas por la Agencia Espa\u00f1ola de Protecci\u00f3n de Datos, por cuestiones t\u00e9cnicas o de reorganizaci\u00f3n de la web; por ello te aconsejamos que la visites peri\u00f3dicamente.<\/p>\n<h3>Contacto<\/h3>\n<p>Para resolver cualquier duda sobre c\u00f3mo utilizamos las cookies, escr\u00edbenos a la direcci\u00f3n de correo electr\u00f3nico: <a href=\"mailto:&#109;%61&#114;&#105;a&#116;%72%69&#110;&#105;da&#100;5%38%39%40g&#109;&#97;&#105;l%2eco%6d\">&#109;a&#114;&#105;a&#116;r&#105;n&#105;&#100;a&#100;58&#57;&#64;&#103;&#109;a&#105;l&#46;com<\/a>.<\/p>\n\r\n\t\t\t\t\t\t\t\t<\/div>\n\t\t\t\t<\/div>\n\t\t\t\t\t<\/div>\n\t\t\t\t<\/div>\n\t\t\t\t<\/div>\n\t\t","protected":false},"excerpt":{"rendered":"","protected":false},"author":1,"featured_media":0,"parent":0,"menu_order":0,"comment_status":"closed","ping_status":"closed","template":"","meta":{"footnotes":""},"class_list":["post-438","page","type-page","status-publish"],"yoast_head":"<!-- This site is optimized with the Yoast SEO plugin v25.0 - https:\/\/yoast.com\/wordpress\/plugins\/seo\/ -->\n<title>Pol\u00edtica de cookies - lamontijanilla<\/title>\n<meta name=\"robots\" content=\"index, follow, max-snippet:-1, max-image-preview:large, max-video-preview:-1\" \/>\n<link rel=\"canonical\" href=\"https:\/\/lamontijanilla.es\/index.php\/cookies\/\" \/>\n<meta property=\"og:locale\" content=\"es_ES\" \/>\n<meta property=\"og:type\" content=\"article\" \/>\n<meta property=\"og:title\" content=\"Pol\u00edtica de cookies - lamontijanilla\" \/>\n<meta property=\"og:url\" content=\"https:\/\/lamontijanilla.es\/index.php\/cookies\/\" \/>\n<meta property=\"og:site_name\" content=\"lamontijanilla\" \/>\n<meta property=\"article:modified_time\" content=\"2024-11-14T13:35:47+00:00\" \/>\n<meta name=\"twitter:card\" content=\"summary_large_image\" \/>\n<meta name=\"twitter:label1\" content=\"Tiempo de lectura\" \/>\n\t<meta name=\"twitter:data1\" content=\"5 minutos\" \/>\n<script type=\"application\/ld+json\" class=\"yoast-schema-graph\">{\"@context\":\"https:\/\/schema.org\",\"@graph\":[{\"@type\":\"WebPage\",\"@id\":\"https:\/\/lamontijanilla.es\/index.php\/cookies\/\",\"url\":\"https:\/\/lamontijanilla.es\/index.php\/cookies\/\",\"name\":\"Pol\u00edtica de cookies - lamontijanilla\",\"isPartOf\":{\"@id\":\"https:\/\/lamontijanilla.es\/#website\"},\"datePublished\":\"2024-06-07T09:58:49+00:00\",\"dateModified\":\"2024-11-14T13:35:47+00:00\",\"breadcrumb\":{\"@id\":\"https:\/\/lamontijanilla.es\/index.php\/cookies\/#breadcrumb\"},\"inLanguage\":\"es\",\"potentialAction\":[{\"@type\":\"ReadAction\",\"target\":[\"https:\/\/lamontijanilla.es\/index.php\/cookies\/\"]}]},{\"@type\":\"BreadcrumbList\",\"@id\":\"https:\/\/lamontijanilla.es\/index.php\/cookies\/#breadcrumb\",\"itemListElement\":[{\"@type\":\"ListItem\",\"position\":1,\"name\":\"Portada\",\"item\":\"https:\/\/lamontijanilla.es\/\"},{\"@type\":\"ListItem\",\"position\":2,\"name\":\"Pol\u00edtica de cookies\"}]},{\"@type\":\"WebSite\",\"@id\":\"https:\/\/lamontijanilla.es\/#website\",\"url\":\"https:\/\/lamontijanilla.es\/\",\"name\":\"lamontijanilla\",\"description\":\"\",\"publisher\":{\"@id\":\"https:\/\/lamontijanilla.es\/#organization\"},\"potentialAction\":[{\"@type\":\"SearchAction\",\"target\":{\"@type\":\"EntryPoint\",\"urlTemplate\":\"https:\/\/lamontijanilla.es\/?s={search_term_string}\"},\"query-input\":{\"@type\":\"PropertyValueSpecification\",\"valueRequired\":true,\"valueName\":\"search_term_string\"}}],\"inLanguage\":\"es\"},{\"@type\":\"Organization\",\"@id\":\"https:\/\/lamontijanilla.es\/#organization\",\"name\":\"lamontijanilla\",\"url\":\"https:\/\/lamontijanilla.es\/\",\"logo\":{\"@type\":\"ImageObject\",\"inLanguage\":\"es\",\"@id\":\"https:\/\/lamontijanilla.es\/#\/schema\/logo\/image\/\",\"url\":\"https:\/\/lamontijanilla.es\/wp-content\/uploads\/2024\/04\/cropped-maria-montijana-munoz_Mesa-de-trabajo-1-copia.png\",\"contentUrl\":\"https:\/\/lamontijanilla.es\/wp-content\/uploads\/2024\/04\/cropped-maria-montijana-munoz_Mesa-de-trabajo-1-copia.png\",\"width\":581,\"height\":582,\"caption\":\"lamontijanilla\"},\"image\":{\"@id\":\"https:\/\/lamontijanilla.es\/#\/schema\/logo\/image\/\"}}]}<\/script>\n<!-- \/ Yoast SEO plugin. -->","yoast_head_json":{"title":"Pol\u00edtica de cookies - lamontijanilla","robots":{"index":"index","follow":"follow","max-snippet":"max-snippet:-1","max-image-preview":"max-image-preview:large","max-video-preview":"max-video-preview:-1"},"canonical":"https:\/\/lamontijanilla.es\/index.php\/cookies\/","og_locale":"es_ES","og_type":"article","og_title":"Pol\u00edtica de cookies - lamontijanilla","og_url":"https:\/\/lamontijanilla.es\/index.php\/cookies\/","og_site_name":"lamontijanilla","article_modified_time":"2024-11-14T13:35:47+00:00","twitter_card":"summary_large_image","twitter_misc":{"Tiempo de lectura":"5 minutos"},"schema":{"@context":"https:\/\/schema.org","@graph":[{"@type":"WebPage","@id":"https:\/\/lamontijanilla.es\/index.php\/cookies\/","url":"https:\/\/lamontijanilla.es\/index.php\/cookies\/","name":"Pol\u00edtica de cookies - lamontijanilla","isPartOf":{"@id":"https:\/\/lamontijanilla.es\/#website"},"datePublished":"2024-06-07T09:58:49+00:00","dateModified":"2024-11-14T13:35:47+00:00","breadcrumb":{"@id":"https:\/\/lamontijanilla.es\/index.php\/cookies\/#breadcrumb"},"inLanguage":"es","potentialAction":[{"@type":"ReadAction","target":["https:\/\/lamontijanilla.es\/index.php\/cookies\/"]}]},{"@type":"BreadcrumbList","@id":"https:\/\/lamontijanilla.es\/index.php\/cookies\/#breadcrumb","itemListElement":[{"@type":"ListItem","position":1,"name":"Portada","item":"https:\/\/lamontijanilla.es\/"},{"@type":"ListItem","position":2,"name":"Pol\u00edtica de cookies"}]},{"@type":"WebSite","@id":"https:\/\/lamontijanilla.es\/#website","url":"https:\/\/lamontijanilla.es\/","name":"lamontijanilla","description":"","publisher":{"@id":"https:\/\/lamontijanilla.es\/#organization"},"potentialAction":[{"@type":"SearchAction","target":{"@type":"EntryPoint","urlTemplate":"https:\/\/lamontijanilla.es\/?s={search_term_string}"},"query-input":{"@type":"PropertyValueSpecification","valueRequired":true,"valueName":"search_term_string"}}],"inLanguage":"es"},{"@type":"Organization","@id":"https:\/\/lamontijanilla.es\/#organization","name":"lamontijanilla","url":"https:\/\/lamontijanilla.es\/","logo":{"@type":"ImageObject","inLanguage":"es","@id":"https:\/\/lamontijanilla.es\/#\/schema\/logo\/image\/","url":"https:\/\/lamontijanilla.es\/wp-content\/uploads\/2024\/04\/cropped-maria-montijana-munoz_Mesa-de-trabajo-1-copia.png","contentUrl":"https:\/\/lamontijanilla.es\/wp-content\/uploads\/2024\/04\/cropped-maria-montijana-munoz_Mesa-de-trabajo-1-copia.png","width":581,"height":582,"caption":"lamontijanilla"},"image":{"@id":"https:\/\/lamontijanilla.es\/#\/schema\/logo\/image\/"}}]}},"_links":{"self":[{"href":"https:\/\/lamontijanilla.es\/index.php\/wp-json\/wp\/v2\/pages\/438","targetHints":{"allow":["GET"]}}],"collection":[{"href":"https:\/\/lamontijanilla.es\/index.php\/wp-json\/wp\/v2\/pages"}],"about":[{"href":"https:\/\/lamontijanilla.es\/index.php\/wp-json\/wp\/v2\/types\/page"}],"author":[{"embeddable":true,"href":"https:\/\/lamontijanilla.es\/index.php\/wp-json\/wp\/v2\/users\/1"}],"replies":[{"embeddable":true,"href":"https:\/\/lamontijanilla.es\/index.php\/wp-json\/wp\/v2\/comments?post=438"}],"version-history":[{"count":10,"href":"https:\/\/lamontijanilla.es\/index.php\/wp-json\/wp\/v2\/pages\/438\/revisions"}],"predecessor-version":[{"id":2100,"href":"https:\/\/lamontijanilla.es\/index.php\/wp-json\/wp\/v2\/pages\/438\/revisions\/2100"}],"wp:attachment":[{"href":"https:\/\/lamontijanilla.es\/index.php\/wp-json\/wp\/v2\/media?parent=438"}],"curies":[{"name":"wp","href":"https:\/\/api.w.org\/{rel}","templated":true}]}}