{"id":753,"date":"2024-06-08T00:02:13","date_gmt":"2024-06-08T00:02:13","guid":{"rendered":"https:\/\/lamontijanilla.es\/?page_id=753"},"modified":"2024-11-19T18:31:12","modified_gmt":"2024-11-19T18:31:12","slug":"animacion","status":"publish","type":"page","link":"https:\/\/lamontijanilla.es\/index.php\/animacion\/","title":{"rendered":"Tipograf\u00eda"},"content":{"rendered":"\t\t<div data-elementor-type=\"wp-page\" data-elementor-id=\"753\" class=\"elementor elementor-753\" data-elementor-post-type=\"page\">\n\t\t\t\t<div class=\"elementor-element elementor-element-b38cb60 elementor-hidden-mobile e-flex e-con-boxed e-con e-parent\" data-id=\"b38cb60\" data-element_type=\"container\" data-settings=\"{&quot;sticky&quot;:&quot;top&quot;,&quot;sticky_offset&quot;:55,&quot;sticky_on&quot;:[&quot;desktop&quot;,&quot;tablet&quot;,&quot;mobile&quot;],&quot;sticky_effects_offset&quot;:0,&quot;sticky_anchor_link_offset&quot;:0}\">\n\t\t\t\t\t<div class=\"e-con-inner\">\n\t\t<div class=\"elementor-element elementor-element-ca3e06d e-con-full e-flex e-con e-child\" data-id=\"ca3e06d\" data-element_type=\"container\">\n\t\t\t\t<div class=\"elementor-element elementor-element-f742911 elementor-widget elementor-widget-heading\" data-id=\"f742911\" data-element_type=\"widget\" data-widget_type=\"heading.default\">\n\t\t\t\t<div class=\"elementor-widget-container\">\n\t\t\t\t\t<h6 class=\"elementor-heading-title elementor-size-default\">Proyectos<\/h6>\t\t\t\t<\/div>\n\t\t\t\t<\/div>\n\t\t\t\t<div class=\"elementor-element elementor-element-325bfc1 elementor-widget elementor-widget-button\" data-id=\"325bfc1\" data-element_type=\"widget\" data-widget_type=\"button.default\">\n\t\t\t\t<div class=\"elementor-widget-container\">\n\t\t\t\t\t\t\t\t\t<div class=\"elementor-button-wrapper\">\n\t\t\t\t\t<a class=\"elementor-button elementor-button-link elementor-size-sm\" href=\"#vinilo\">\n\t\t\t\t\t\t<span class=\"elementor-button-content-wrapper\">\n\t\t\t\t\t\t\t\t\t<span class=\"elementor-button-text\">Futurma<\/span>\n\t\t\t\t\t<\/span>\n\t\t\t\t\t<\/a>\n\t\t\t\t<\/div>\n\t\t\t\t\t\t\t\t<\/div>\n\t\t\t\t<\/div>\n\t\t\t\t<\/div>\n\t\t\t\t\t<\/div>\n\t\t\t\t<\/div>\n\t\t<div class=\"elementor-element elementor-element-e00c1bb e-flex e-con-boxed e-con e-parent\" data-id=\"e00c1bb\" data-element_type=\"container\">\n\t\t\t\t\t<div class=\"e-con-inner\">\n\t\t<div class=\"elementor-element elementor-element-b2a8538 e-con-full e-flex e-con e-child\" data-id=\"b2a8538\" data-element_type=\"container\">\n\t\t\t\t<div class=\"elementor-element elementor-element-499adcd elementor-widget elementor-widget-menu-anchor\" data-id=\"499adcd\" data-element_type=\"widget\" data-widget_type=\"menu-anchor.default\">\n\t\t\t\t<div class=\"elementor-widget-container\">\n\t\t\t\t\t\t\t<div class=\"elementor-menu-anchor\" id=\"vinilo\"><\/div>\n\t\t\t\t\t\t<\/div>\n\t\t\t\t<\/div>\n\t\t\t\t<div class=\"elementor-element elementor-element-44e4b17 elementor-widget elementor-widget-heading\" data-id=\"44e4b17\" data-element_type=\"widget\" data-widget_type=\"heading.default\">\n\t\t\t\t<div class=\"elementor-widget-container\">\n\t\t\t\t\t<h2 class=\"elementor-heading-title elementor-size-default\"><a href=\"#vinilo\">Esp\u00e9cimen <i>FUTURMA<\/i><\/a><\/h2>\t\t\t\t<\/div>\n\t\t\t\t<\/div>\n\t\t\t\t<div class=\"elementor-element elementor-element-fd53c7e elementor-widget__width-initial elementor-widget elementor-widget-text-editor\" data-id=\"fd53c7e\" data-element_type=\"widget\" data-widget_type=\"text-editor.default\">\n\t\t\t\t<div class=\"elementor-widget-container\">\n\t\t\t\t\t\t\t\t\t<p><span style=\"vertical-align: inherit;\">Creaci\u00f3n de mi primera tipograf\u00eda<\/span> llamada \u00abFUTURMA\u00bb, es robusta, contundente, con aspecto retro futurista o vaporwave.<br \/>Conlleva una fase de investigaci\u00f3n de dise\u00f1adores tipogr\u00e1ficos, b\u00fasqueda de referentes, la realizaci\u00f3n del bocetaje terminando por hacerla definitivamente.<\/p><p>Creamos un cat\u00e1logo tipogr\u00e1fico todos los alumnos con sus tipograf\u00edas su universo gr\u00e1fico y el esp\u00e9cimen de la tipograf\u00eda.\u00a0<\/p><p>Los programas utilizados fueron Ilustrator para los bocetos y Gliphs para la recreaci\u00f3n definitiva de esta.<\/p>\t\t\t\t\t\t\t\t<\/div>\n\t\t\t\t<\/div>\n\t\t\t\t<div class=\"elementor-element elementor-element-3ed8230 elementor--h-position-center elementor--v-position-middle elementor-arrows-position-inside elementor-pagination-position-inside elementor-widget elementor-widget-slides\" data-id=\"3ed8230\" data-element_type=\"widget\" data-settings=\"{&quot;transition&quot;:&quot;fade&quot;,&quot;navigation&quot;:&quot;both&quot;,&quot;autoplay&quot;:&quot;yes&quot;,&quot;pause_on_hover&quot;:&quot;yes&quot;,&quot;pause_on_interaction&quot;:&quot;yes&quot;,&quot;autoplay_speed&quot;:5000,&quot;infinite&quot;:&quot;yes&quot;,&quot;transition_speed&quot;:500}\" data-widget_type=\"slides.default\">\n\t\t\t\t<div class=\"elementor-widget-container\">\n\t\t\t\t\t\t\t\t\t<div class=\"elementor-swiper\">\n\t\t\t\t\t<div class=\"elementor-slides-wrapper elementor-main-swiper swiper\" role=\"region\" aria-roledescription=\"carousel\" aria-label=\"Slides\" dir=\"ltr\" data-animation=\"fadeInUp\">\n\t\t\t\t<div class=\"swiper-wrapper elementor-slides\">\n\t\t\t\t\t\t\t\t\t\t<div class=\"elementor-repeater-item-f091a6d swiper-slide\" role=\"group\" aria-roledescription=\"slide\"><div class=\"swiper-slide-bg\" role=\"img\"><\/div><div class=\"swiper-slide-inner\" ><div class=\"swiper-slide-contents\"><\/div><\/div><\/div><div class=\"elementor-repeater-item-1212398 swiper-slide\" role=\"group\" aria-roledescription=\"slide\"><div class=\"swiper-slide-bg\" role=\"img\"><\/div><div class=\"swiper-slide-inner\" ><div class=\"swiper-slide-contents\"><\/div><\/div><\/div><div class=\"elementor-repeater-item-beba228 swiper-slide\" role=\"group\" aria-roledescription=\"slide\"><div class=\"swiper-slide-bg\" role=\"img\"><\/div><div class=\"swiper-slide-inner\" ><div class=\"swiper-slide-contents\"><\/div><\/div><\/div><div class=\"elementor-repeater-item-ff704c0 swiper-slide\" role=\"group\" aria-roledescription=\"slide\"><div class=\"swiper-slide-bg\" role=\"img\"><\/div><div class=\"swiper-slide-inner\" ><div class=\"swiper-slide-contents\"><\/div><\/div><\/div>\t\t\t\t<\/div>\n\t\t\t\t\t\t\t\t\t\t\t\t\t\t\t<div class=\"elementor-swiper-button elementor-swiper-button-prev\" role=\"button\" tabindex=\"0\" aria-label=\"Previous slide\">\n\t\t\t\t\t\t\t<svg aria-hidden=\"true\" class=\"e-font-icon-svg e-eicon-chevron-left\" viewBox=\"0 0 1000 1000\" xmlns=\"http:\/\/www.w3.org\/2000\/svg\"><path d=\"M646 125C629 125 613 133 604 142L308 442C296 454 292 471 292 487 292 504 296 521 308 533L604 854C617 867 629 875 646 875 663 875 679 871 692 858 704 846 713 829 713 812 713 796 708 779 692 767L438 487 692 225C700 217 708 204 708 187 708 171 704 154 692 142 675 129 663 125 646 125Z\"><\/path><\/svg>\t\t\t\t\t\t<\/div>\n\t\t\t\t\t\t<div class=\"elementor-swiper-button elementor-swiper-button-next\" role=\"button\" tabindex=\"0\" aria-label=\"Next slide\">\n\t\t\t\t\t\t\t<svg aria-hidden=\"true\" class=\"e-font-icon-svg e-eicon-chevron-right\" viewBox=\"0 0 1000 1000\" xmlns=\"http:\/\/www.w3.org\/2000\/svg\"><path d=\"M696 533C708 521 713 504 713 487 713 471 708 454 696 446L400 146C388 133 375 125 354 125 338 125 325 129 313 142 300 154 292 171 292 187 292 204 296 221 308 233L563 492 304 771C292 783 288 800 288 817 288 833 296 850 308 863 321 871 338 875 354 875 371 875 388 867 400 854L696 533Z\"><\/path><\/svg>\t\t\t\t\t\t<\/div>\n\t\t\t\t\t\t\t\t\t\t\t\t\t\t\t\t<div class=\"swiper-pagination\"><\/div>\n\t\t\t\t\t\t\t\t\t\t\t\t<\/div>\n\t\t\t\t<\/div>\n\t\t\t\t\t\t\t\t<\/div>\n\t\t\t\t<\/div>\n\t\t\t\t<\/div>\n\t\t\t\t\t<\/div>\n\t\t\t\t<\/div>\n\t\t\t\t<\/div>\n\t\t","protected":false},"excerpt":{"rendered":"<p>Proyectos Futurma Esp\u00e9cimen FUTURMA Creaci\u00f3n de mi primera tipograf\u00eda llamada \u00abFUTURMA\u00bb, es robusta, contundente, con aspecto retro futurista o vaporwave.Conlleva una fase de investigaci\u00f3n de dise\u00f1adores tipogr\u00e1ficos, b\u00fasqueda de referentes, la realizaci\u00f3n del bocetaje terminando por hacerla definitivamente. Creamos un cat\u00e1logo tipogr\u00e1fico todos los alumnos con sus tipograf\u00edas su universo gr\u00e1fico y el esp\u00e9cimen de &#8230; <a title=\"Tipograf\u00eda\" class=\"read-more\" href=\"https:\/\/lamontijanilla.es\/index.php\/animacion\/\">Read more<span class=\"screen-reader-text\">Tipograf\u00eda<\/span><\/a><\/p>\n","protected":false},"author":1,"featured_media":0,"parent":0,"menu_order":0,"comment_status":"closed","ping_status":"closed","template":"","meta":{"footnotes":""},"class_list":["post-753","page","type-page","status-publish"],"yoast_head":"<!-- This site is optimized with the Yoast SEO plugin v25.0 - https:\/\/yoast.com\/wordpress\/plugins\/seo\/ -->\n<title>Tipograf\u00eda - lamontijanilla<\/title>\n<meta name=\"robots\" content=\"index, follow, max-snippet:-1, max-image-preview:large, max-video-preview:-1\" \/>\n<link rel=\"canonical\" href=\"https:\/\/lamontijanilla.es\/index.php\/animacion\/\" \/>\n<meta property=\"og:locale\" content=\"es_ES\" \/>\n<meta property=\"og:type\" content=\"article\" \/>\n<meta property=\"og:title\" content=\"Tipograf\u00eda - lamontijanilla\" \/>\n<meta property=\"og:description\" content=\"Proyectos Futurma Esp\u00e9cimen FUTURMA Creaci\u00f3n de mi primera tipograf\u00eda llamada \u00abFUTURMA\u00bb, es robusta, contundente, con aspecto retro futurista o vaporwave.Conlleva una fase de investigaci\u00f3n de dise\u00f1adores tipogr\u00e1ficos, b\u00fasqueda de referentes, la realizaci\u00f3n del bocetaje terminando por hacerla definitivamente. Creamos un cat\u00e1logo tipogr\u00e1fico todos los alumnos con sus tipograf\u00edas su universo gr\u00e1fico y el esp\u00e9cimen de ... Read moreTipograf\u00eda\" \/>\n<meta property=\"og:url\" content=\"https:\/\/lamontijanilla.es\/index.php\/animacion\/\" \/>\n<meta property=\"og:site_name\" content=\"lamontijanilla\" \/>\n<meta property=\"article:modified_time\" content=\"2024-11-19T18:31:12+00:00\" \/>\n<meta name=\"twitter:card\" content=\"summary_large_image\" \/>\n<meta name=\"twitter:label1\" content=\"Tiempo de lectura\" \/>\n\t<meta name=\"twitter:data1\" content=\"1 minuto\" \/>\n<script type=\"application\/ld+json\" class=\"yoast-schema-graph\">{\"@context\":\"https:\/\/schema.org\",\"@graph\":[{\"@type\":\"WebPage\",\"@id\":\"https:\/\/lamontijanilla.es\/index.php\/animacion\/\",\"url\":\"https:\/\/lamontijanilla.es\/index.php\/animacion\/\",\"name\":\"Tipograf\u00eda - lamontijanilla\",\"isPartOf\":{\"@id\":\"https:\/\/lamontijanilla.es\/#website\"},\"datePublished\":\"2024-06-08T00:02:13+00:00\",\"dateModified\":\"2024-11-19T18:31:12+00:00\",\"breadcrumb\":{\"@id\":\"https:\/\/lamontijanilla.es\/index.php\/animacion\/#breadcrumb\"},\"inLanguage\":\"es\",\"potentialAction\":[{\"@type\":\"ReadAction\",\"target\":[\"https:\/\/lamontijanilla.es\/index.php\/animacion\/\"]}]},{\"@type\":\"BreadcrumbList\",\"@id\":\"https:\/\/lamontijanilla.es\/index.php\/animacion\/#breadcrumb\",\"itemListElement\":[{\"@type\":\"ListItem\",\"position\":1,\"name\":\"Portada\",\"item\":\"https:\/\/lamontijanilla.es\/\"},{\"@type\":\"ListItem\",\"position\":2,\"name\":\"Tipograf\u00eda\"}]},{\"@type\":\"WebSite\",\"@id\":\"https:\/\/lamontijanilla.es\/#website\",\"url\":\"https:\/\/lamontijanilla.es\/\",\"name\":\"lamontijanilla\",\"description\":\"\",\"publisher\":{\"@id\":\"https:\/\/lamontijanilla.es\/#organization\"},\"potentialAction\":[{\"@type\":\"SearchAction\",\"target\":{\"@type\":\"EntryPoint\",\"urlTemplate\":\"https:\/\/lamontijanilla.es\/?s={search_term_string}\"},\"query-input\":{\"@type\":\"PropertyValueSpecification\",\"valueRequired\":true,\"valueName\":\"search_term_string\"}}],\"inLanguage\":\"es\"},{\"@type\":\"Organization\",\"@id\":\"https:\/\/lamontijanilla.es\/#organization\",\"name\":\"lamontijanilla\",\"url\":\"https:\/\/lamontijanilla.es\/\",\"logo\":{\"@type\":\"ImageObject\",\"inLanguage\":\"es\",\"@id\":\"https:\/\/lamontijanilla.es\/#\/schema\/logo\/image\/\",\"url\":\"https:\/\/lamontijanilla.es\/wp-content\/uploads\/2024\/04\/cropped-maria-montijana-munoz_Mesa-de-trabajo-1-copia.png\",\"contentUrl\":\"https:\/\/lamontijanilla.es\/wp-content\/uploads\/2024\/04\/cropped-maria-montijana-munoz_Mesa-de-trabajo-1-copia.png\",\"width\":581,\"height\":582,\"caption\":\"lamontijanilla\"},\"image\":{\"@id\":\"https:\/\/lamontijanilla.es\/#\/schema\/logo\/image\/\"}}]}<\/script>\n<!-- \/ Yoast SEO plugin. -->","yoast_head_json":{"title":"Tipograf\u00eda - lamontijanilla","robots":{"index":"index","follow":"follow","max-snippet":"max-snippet:-1","max-image-preview":"max-image-preview:large","max-video-preview":"max-video-preview:-1"},"canonical":"https:\/\/lamontijanilla.es\/index.php\/animacion\/","og_locale":"es_ES","og_type":"article","og_title":"Tipograf\u00eda - lamontijanilla","og_description":"Proyectos Futurma Esp\u00e9cimen FUTURMA Creaci\u00f3n de mi primera tipograf\u00eda llamada \u00abFUTURMA\u00bb, es robusta, contundente, con aspecto retro futurista o vaporwave.Conlleva una fase de investigaci\u00f3n de dise\u00f1adores tipogr\u00e1ficos, b\u00fasqueda de referentes, la realizaci\u00f3n del bocetaje terminando por hacerla definitivamente. Creamos un cat\u00e1logo tipogr\u00e1fico todos los alumnos con sus tipograf\u00edas su universo gr\u00e1fico y el esp\u00e9cimen de ... Read moreTipograf\u00eda","og_url":"https:\/\/lamontijanilla.es\/index.php\/animacion\/","og_site_name":"lamontijanilla","article_modified_time":"2024-11-19T18:31:12+00:00","twitter_card":"summary_large_image","twitter_misc":{"Tiempo de lectura":"1 minuto"},"schema":{"@context":"https:\/\/schema.org","@graph":[{"@type":"WebPage","@id":"https:\/\/lamontijanilla.es\/index.php\/animacion\/","url":"https:\/\/lamontijanilla.es\/index.php\/animacion\/","name":"Tipograf\u00eda - lamontijanilla","isPartOf":{"@id":"https:\/\/lamontijanilla.es\/#website"},"datePublished":"2024-06-08T00:02:13+00:00","dateModified":"2024-11-19T18:31:12+00:00","breadcrumb":{"@id":"https:\/\/lamontijanilla.es\/index.php\/animacion\/#breadcrumb"},"inLanguage":"es","potentialAction":[{"@type":"ReadAction","target":["https:\/\/lamontijanilla.es\/index.php\/animacion\/"]}]},{"@type":"BreadcrumbList","@id":"https:\/\/lamontijanilla.es\/index.php\/animacion\/#breadcrumb","itemListElement":[{"@type":"ListItem","position":1,"name":"Portada","item":"https:\/\/lamontijanilla.es\/"},{"@type":"ListItem","position":2,"name":"Tipograf\u00eda"}]},{"@type":"WebSite","@id":"https:\/\/lamontijanilla.es\/#website","url":"https:\/\/lamontijanilla.es\/","name":"lamontijanilla","description":"","publisher":{"@id":"https:\/\/lamontijanilla.es\/#organization"},"potentialAction":[{"@type":"SearchAction","target":{"@type":"EntryPoint","urlTemplate":"https:\/\/lamontijanilla.es\/?s={search_term_string}"},"query-input":{"@type":"PropertyValueSpecification","valueRequired":true,"valueName":"search_term_string"}}],"inLanguage":"es"},{"@type":"Organization","@id":"https:\/\/lamontijanilla.es\/#organization","name":"lamontijanilla","url":"https:\/\/lamontijanilla.es\/","logo":{"@type":"ImageObject","inLanguage":"es","@id":"https:\/\/lamontijanilla.es\/#\/schema\/logo\/image\/","url":"https:\/\/lamontijanilla.es\/wp-content\/uploads\/2024\/04\/cropped-maria-montijana-munoz_Mesa-de-trabajo-1-copia.png","contentUrl":"https:\/\/lamontijanilla.es\/wp-content\/uploads\/2024\/04\/cropped-maria-montijana-munoz_Mesa-de-trabajo-1-copia.png","width":581,"height":582,"caption":"lamontijanilla"},"image":{"@id":"https:\/\/lamontijanilla.es\/#\/schema\/logo\/image\/"}}]}},"_links":{"self":[{"href":"https:\/\/lamontijanilla.es\/index.php\/wp-json\/wp\/v2\/pages\/753","targetHints":{"allow":["GET"]}}],"collection":[{"href":"https:\/\/lamontijanilla.es\/index.php\/wp-json\/wp\/v2\/pages"}],"about":[{"href":"https:\/\/lamontijanilla.es\/index.php\/wp-json\/wp\/v2\/types\/page"}],"author":[{"embeddable":true,"href":"https:\/\/lamontijanilla.es\/index.php\/wp-json\/wp\/v2\/users\/1"}],"replies":[{"embeddable":true,"href":"https:\/\/lamontijanilla.es\/index.php\/wp-json\/wp\/v2\/comments?post=753"}],"version-history":[{"count":90,"href":"https:\/\/lamontijanilla.es\/index.php\/wp-json\/wp\/v2\/pages\/753\/revisions"}],"predecessor-version":[{"id":2588,"href":"https:\/\/lamontijanilla.es\/index.php\/wp-json\/wp\/v2\/pages\/753\/revisions\/2588"}],"wp:attachment":[{"href":"https:\/\/lamontijanilla.es\/index.php\/wp-json\/wp\/v2\/media?parent=753"}],"curies":[{"name":"wp","href":"https:\/\/api.w.org\/{rel}","templated":true}]}}