{"id":82,"date":"2024-04-30T10:54:39","date_gmt":"2024-04-30T10:54:39","guid":{"rendered":"https:\/\/lamontijanilla.es\/?page_id=82"},"modified":"2024-11-14T13:36:41","modified_gmt":"2024-11-14T13:36:41","slug":"sobre-mi","status":"publish","type":"page","link":"https:\/\/lamontijanilla.es\/index.php\/sobre-mi\/","title":{"rendered":"Sobre M\u00ed"},"content":{"rendered":"\t\t<div data-elementor-type=\"wp-page\" data-elementor-id=\"82\" class=\"elementor elementor-82\" data-elementor-post-type=\"page\">\n\t\t\t\t<div class=\"elementor-element elementor-element-3e3836c e-flex e-con-boxed e-con e-parent\" data-id=\"3e3836c\" data-element_type=\"container\">\n\t\t\t\t\t<div class=\"e-con-inner\">\n\t\t\t\t<div class=\"elementor-element elementor-element-5f83951 e-transform elementor-widget__width-initial elementor-widget-mobile__width-initial elementor-widget-tablet__width-initial elementor-invisible elementor-widget elementor-widget-heading\" data-id=\"5f83951\" data-element_type=\"widget\" data-settings=\"{&quot;motion_fx_motion_fx_scrolling&quot;:&quot;yes&quot;,&quot;motion_fx_translateX_direction&quot;:&quot;negative&quot;,&quot;_animation&quot;:&quot;fadeInLeft&quot;,&quot;motion_fx_translateX_effect&quot;:&quot;yes&quot;,&quot;motion_fx_translateX_speed&quot;:{&quot;unit&quot;:&quot;px&quot;,&quot;size&quot;:4,&quot;sizes&quot;:[]},&quot;motion_fx_translateX_affectedRange&quot;:{&quot;unit&quot;:&quot;%&quot;,&quot;size&quot;:&quot;&quot;,&quot;sizes&quot;:{&quot;start&quot;:0,&quot;end&quot;:100}},&quot;motion_fx_devices&quot;:[&quot;desktop&quot;,&quot;tablet&quot;,&quot;mobile&quot;],&quot;_transform_translateX_effect&quot;:{&quot;unit&quot;:&quot;px&quot;,&quot;size&quot;:&quot;&quot;,&quot;sizes&quot;:[]},&quot;_transform_translateX_effect_tablet&quot;:{&quot;unit&quot;:&quot;px&quot;,&quot;size&quot;:&quot;&quot;,&quot;sizes&quot;:[]},&quot;_transform_translateX_effect_mobile&quot;:{&quot;unit&quot;:&quot;px&quot;,&quot;size&quot;:&quot;&quot;,&quot;sizes&quot;:[]},&quot;_transform_translateY_effect&quot;:{&quot;unit&quot;:&quot;px&quot;,&quot;size&quot;:&quot;&quot;,&quot;sizes&quot;:[]},&quot;_transform_translateY_effect_tablet&quot;:{&quot;unit&quot;:&quot;px&quot;,&quot;size&quot;:&quot;&quot;,&quot;sizes&quot;:[]},&quot;_transform_translateY_effect_mobile&quot;:{&quot;unit&quot;:&quot;px&quot;,&quot;size&quot;:&quot;&quot;,&quot;sizes&quot;:[]}}\" data-widget_type=\"heading.default\">\n\t\t\t\t<div class=\"elementor-widget-container\">\n\t\t\t\t\t<h2 class=\"elementor-heading-title elementor-size-default\">\u00a1Hola! a todos\n mis visitantes<\/h2>\t\t\t\t<\/div>\n\t\t\t\t<\/div>\n\t\t\t\t\t<\/div>\n\t\t\t\t<\/div>\n\t\t<div class=\"elementor-element elementor-element-2664937 e-grid e-con-boxed e-con e-parent\" data-id=\"2664937\" data-element_type=\"container\">\n\t\t\t\t\t<div class=\"e-con-inner\">\n\t\t\t\t<div class=\"elementor-element elementor-element-518ae93 elementor-invisible elementor-widget elementor-widget-text-editor\" data-id=\"518ae93\" data-element_type=\"widget\" data-settings=\"{&quot;_animation&quot;:&quot;fadeInLeft&quot;}\" data-widget_type=\"text-editor.default\">\n\t\t\t\t<div class=\"elementor-widget-container\">\n\t\t\t\t\t\t\t\t\t<p>Soy Mar\u00eda Garc\u00eda Mu\u00f1oz, conocida como Mar\u00eda Montijana Mu\u00f1oz o La Montijanilla.<br \/>Soy una estudiante de 21 a\u00f1os, de dise\u00f1o gr\u00e1fico en Granada.<\/p><p>Desde peque\u00f1a, he tenido una pasi\u00f3n por el arte y la creatividad, lo que me llev\u00f3 a descubrir el mundo del dise\u00f1o gr\u00e1fico. Mi trabajo se caracteriza por un estilo fresco que combina funcionalidad y est\u00e9tica, siempre buscando superar expectativas.<\/p><p>Mi logotipo, una \u00abM\u00bb girada 90\u00b0 que representa el n\u00famero 3, simboliza a mi familia y mi personalidad creativa. En mi portafolio se encuentran proyectos variados, desde branding hasta ilustraci\u00f3n, reflejando el compromiso con la calidad. Estoy abierta a nuevos desaf\u00edos y colaboraciones, invitando a quienes est\u00e9n interesados a contactarme.<\/p><p>Espero que disfrutes.<\/p>\t\t\t\t\t\t\t\t<\/div>\n\t\t\t\t<\/div>\n\t\t\t\t<div class=\"elementor-element elementor-element-774915b elementor-hidden-mobile elementor-invisible elementor-widget elementor-widget-image\" data-id=\"774915b\" data-element_type=\"widget\" data-settings=\"{&quot;_animation&quot;:&quot;fadeInRight&quot;}\" data-widget_type=\"image.default\">\n\t\t\t\t<div class=\"elementor-widget-container\">\n\t\t\t\t\t\t\t\t\t\t\t\t\t\t\t<img decoding=\"async\" src=\"https:\/\/lamontijanilla.es\/wp-content\/uploads\/elementor\/thumbs\/yo-dibujo-animacion-qwiydp8p7he5g8boxhzhqqky472m0y5ye7rkgecwi6.png\" title=\"yo dibujo animaci\u00f3n\" alt=\"yo dibujo animaci\u00f3n\" loading=\"lazy\" \/>\t\t\t\t\t\t\t\t\t\t\t\t\t\t\t<\/div>\n\t\t\t\t<\/div>\n\t\t\t\t\t<\/div>\n\t\t\t\t<\/div>\n\t\t<div class=\"elementor-element elementor-element-19da276 e-grid e-con-boxed elementor-invisible e-con e-parent\" data-id=\"19da276\" data-element_type=\"container\" data-settings=\"{&quot;background_background&quot;:&quot;classic&quot;,&quot;animation&quot;:&quot;slideInLeft&quot;}\">\n\t\t\t\t\t<div class=\"e-con-inner\">\n\t\t\t\t<div class=\"elementor-element elementor-element-0247c9b elementor-widget__width-initial elementor-absolute elementor-invisible elementor-widget elementor-widget-progress\" data-id=\"0247c9b\" data-element_type=\"widget\" data-settings=\"{&quot;_animation&quot;:&quot;fadeIn&quot;,&quot;_position&quot;:&quot;absolute&quot;}\" data-widget_type=\"progress.default\">\n\t\t\t\t<div class=\"elementor-widget-container\">\n\t\t\t\t\t\t\t\t<h2 class=\"elementor-title\" id=\"elementor-progress-bar-0247c9b\">\n\t\t\t\t<b>Mis habilidades<\/b>\t\t\t<\/h2>\n\t\t\n\t\t<div aria-labelledby=\"elementor-progress-bar-0247c9b\" class=\"elementor-progress-wrapper\" role=\"progressbar\" aria-valuemin=\"0\" aria-valuemax=\"100\" aria-valuenow=\"80\" aria-valuetext=\"80% (Adobe After Effect)\">\n\t\t\t<div class=\"elementor-progress-bar\" data-max=\"80\">\n\t\t\t\t<span class=\"elementor-progress-text\">Adobe After Effect<\/span>\n\t\t\t\t\t\t\t\t\t<span class=\"elementor-progress-percentage\">80%<\/span>\n\t\t\t\t\t\t\t<\/div>\n\t\t<\/div>\n\t\t\t\t\t\t<\/div>\n\t\t\t\t<\/div>\n\t\t\t\t<div class=\"elementor-element elementor-element-4b25d0c elementor-widget__width-initial elementor-absolute elementor-widget elementor-widget-progress\" data-id=\"4b25d0c\" data-element_type=\"widget\" data-settings=\"{&quot;_position&quot;:&quot;absolute&quot;}\" data-widget_type=\"progress.default\">\n\t\t\t\t<div class=\"elementor-widget-container\">\n\t\t\t\t\t\n\t\t<div class=\"elementor-progress-wrapper\" role=\"progressbar\" aria-valuemin=\"0\" aria-valuemax=\"100\" aria-valuenow=\"77\" aria-valuetext=\"77% (Adobe Ilustrator)\">\n\t\t\t<div class=\"elementor-progress-bar\" data-max=\"77\">\n\t\t\t\t<span class=\"elementor-progress-text\">Adobe Ilustrator<\/span>\n\t\t\t\t\t\t\t\t\t<span class=\"elementor-progress-percentage\">77%<\/span>\n\t\t\t\t\t\t\t<\/div>\n\t\t<\/div>\n\t\t\t\t\t\t<\/div>\n\t\t\t\t<\/div>\n\t\t\t\t<div class=\"elementor-element elementor-element-5ef70c6 elementor-widget__width-initial elementor-absolute elementor-widget elementor-widget-progress\" data-id=\"5ef70c6\" data-element_type=\"widget\" data-settings=\"{&quot;_position&quot;:&quot;absolute&quot;}\" data-widget_type=\"progress.default\">\n\t\t\t\t<div class=\"elementor-widget-container\">\n\t\t\t\t\t\n\t\t<div class=\"elementor-progress-wrapper\" role=\"progressbar\" aria-valuemin=\"0\" aria-valuemax=\"100\" aria-valuenow=\"75\" aria-valuetext=\"75% (Procreate)\">\n\t\t\t<div class=\"elementor-progress-bar\" data-max=\"75\">\n\t\t\t\t<span class=\"elementor-progress-text\">Procreate<\/span>\n\t\t\t\t\t\t\t\t\t<span class=\"elementor-progress-percentage\">75%<\/span>\n\t\t\t\t\t\t\t<\/div>\n\t\t<\/div>\n\t\t\t\t\t\t<\/div>\n\t\t\t\t<\/div>\n\t\t\t\t<div class=\"elementor-element elementor-element-2fc7907 elementor-widget__width-initial elementor-absolute elementor-widget elementor-widget-progress\" data-id=\"2fc7907\" data-element_type=\"widget\" data-settings=\"{&quot;_position&quot;:&quot;absolute&quot;}\" data-widget_type=\"progress.default\">\n\t\t\t\t<div class=\"elementor-widget-container\">\n\t\t\t\t\t\n\t\t<div class=\"elementor-progress-wrapper\" role=\"progressbar\" aria-valuemin=\"0\" aria-valuemax=\"100\" aria-valuenow=\"70\" aria-valuetext=\"70% (Adobe Photoshop)\">\n\t\t\t<div class=\"elementor-progress-bar\" data-max=\"70\">\n\t\t\t\t<span class=\"elementor-progress-text\">Adobe Photoshop<\/span>\n\t\t\t\t\t\t\t\t\t<span class=\"elementor-progress-percentage\">70%<\/span>\n\t\t\t\t\t\t\t<\/div>\n\t\t<\/div>\n\t\t\t\t\t\t<\/div>\n\t\t\t\t<\/div>\n\t\t\t\t<div class=\"elementor-element elementor-element-404f70d elementor-widget__width-initial elementor-absolute elementor-widget elementor-widget-progress\" data-id=\"404f70d\" data-element_type=\"widget\" data-settings=\"{&quot;_position&quot;:&quot;absolute&quot;}\" data-widget_type=\"progress.default\">\n\t\t\t\t<div class=\"elementor-widget-container\">\n\t\t\t\t\t\n\t\t<div class=\"elementor-progress-wrapper\" role=\"progressbar\" aria-valuemin=\"0\" aria-valuemax=\"100\" aria-valuenow=\"70\" aria-valuetext=\"70% (Adobe Indesing)\">\n\t\t\t<div class=\"elementor-progress-bar\" data-max=\"70\">\n\t\t\t\t<span class=\"elementor-progress-text\">Adobe Indesing<\/span>\n\t\t\t\t\t\t\t\t\t<span class=\"elementor-progress-percentage\">70%<\/span>\n\t\t\t\t\t\t\t<\/div>\n\t\t<\/div>\n\t\t\t\t\t\t<\/div>\n\t\t\t\t<\/div>\n\t\t\t\t\t<\/div>\n\t\t\t\t<\/div>\n\t\t<div class=\"elementor-element elementor-element-5dd95f1 e-flex e-con-boxed e-con e-parent\" data-id=\"5dd95f1\" data-element_type=\"container\">\n\t\t\t\t\t<div class=\"e-con-inner\">\n\t\t\t\t<div class=\"elementor-element elementor-element-ffbe875 elementor-widget elementor-widget-spacer\" data-id=\"ffbe875\" data-element_type=\"widget\" data-widget_type=\"spacer.default\">\n\t\t\t\t<div class=\"elementor-widget-container\">\n\t\t\t\t\t\t\t<div class=\"elementor-spacer\">\n\t\t\t<div class=\"elementor-spacer-inner\"><\/div>\n\t\t<\/div>\n\t\t\t\t\t\t<\/div>\n\t\t\t\t<\/div>\n\t\t\t\t\t<\/div>\n\t\t\t\t<\/div>\n\t\t\t\t<\/div>\n\t\t","protected":false},"excerpt":{"rendered":"<p>\u00a1Hola! a todos mis visitantes Soy Mar\u00eda Garc\u00eda Mu\u00f1oz, conocida como Mar\u00eda Montijana Mu\u00f1oz o La Montijanilla.Soy una estudiante de 21 a\u00f1os, de dise\u00f1o gr\u00e1fico en Granada. Desde peque\u00f1a, he tenido una pasi\u00f3n por el arte y la creatividad, lo que me llev\u00f3 a descubrir el mundo del dise\u00f1o gr\u00e1fico. Mi trabajo se caracteriza por &#8230; <a title=\"Sobre M\u00ed\" class=\"read-more\" href=\"https:\/\/lamontijanilla.es\/index.php\/sobre-mi\/\">Read more<span class=\"screen-reader-text\">Sobre M\u00ed<\/span><\/a><\/p>\n","protected":false},"author":1,"featured_media":0,"parent":0,"menu_order":0,"comment_status":"closed","ping_status":"closed","template":"","meta":{"footnotes":""},"class_list":["post-82","page","type-page","status-publish"],"yoast_head":"<!-- This site is optimized with the Yoast SEO plugin v25.0 - https:\/\/yoast.com\/wordpress\/plugins\/seo\/ -->\n<title>Sobre M\u00ed - lamontijanilla<\/title>\n<meta name=\"robots\" content=\"index, follow, max-snippet:-1, max-image-preview:large, max-video-preview:-1\" \/>\n<link rel=\"canonical\" href=\"https:\/\/lamontijanilla.es\/index.php\/sobre-mi\/\" \/>\n<meta property=\"og:locale\" content=\"es_ES\" \/>\n<meta property=\"og:type\" content=\"article\" \/>\n<meta property=\"og:title\" content=\"Sobre M\u00ed - lamontijanilla\" \/>\n<meta property=\"og:description\" content=\"\u00a1Hola! a todos mis visitantes Soy Mar\u00eda Garc\u00eda Mu\u00f1oz, conocida como Mar\u00eda Montijana Mu\u00f1oz o La Montijanilla.Soy una estudiante de 21 a\u00f1os, de dise\u00f1o gr\u00e1fico en Granada. Desde peque\u00f1a, he tenido una pasi\u00f3n por el arte y la creatividad, lo que me llev\u00f3 a descubrir el mundo del dise\u00f1o gr\u00e1fico. Mi trabajo se caracteriza por ... Read moreSobre M\u00ed\" \/>\n<meta property=\"og:url\" content=\"https:\/\/lamontijanilla.es\/index.php\/sobre-mi\/\" \/>\n<meta property=\"og:site_name\" content=\"lamontijanilla\" \/>\n<meta property=\"article:modified_time\" content=\"2024-11-14T13:36:41+00:00\" \/>\n<meta property=\"og:image\" content=\"https:\/\/lamontijanilla.es\/wp-content\/uploads\/elementor\/thumbs\/yo-dibujo-animacion-qwiydp8p7he5g8boxhzhqqky472m0y5ye7rkgecwi6.png\" \/>\n<meta name=\"twitter:card\" content=\"summary_large_image\" \/>\n<meta name=\"twitter:label1\" content=\"Tiempo de lectura\" \/>\n\t<meta name=\"twitter:data1\" content=\"1 minuto\" \/>\n<script type=\"application\/ld+json\" class=\"yoast-schema-graph\">{\"@context\":\"https:\/\/schema.org\",\"@graph\":[{\"@type\":\"WebPage\",\"@id\":\"https:\/\/lamontijanilla.es\/index.php\/sobre-mi\/\",\"url\":\"https:\/\/lamontijanilla.es\/index.php\/sobre-mi\/\",\"name\":\"Sobre M\u00ed - lamontijanilla\",\"isPartOf\":{\"@id\":\"https:\/\/lamontijanilla.es\/#website\"},\"primaryImageOfPage\":{\"@id\":\"https:\/\/lamontijanilla.es\/index.php\/sobre-mi\/#primaryimage\"},\"image\":{\"@id\":\"https:\/\/lamontijanilla.es\/index.php\/sobre-mi\/#primaryimage\"},\"thumbnailUrl\":\"https:\/\/lamontijanilla.es\/wp-content\/uploads\/elementor\/thumbs\/yo-dibujo-animacion-qwiydp8p7he5g8boxhzhqqky472m0y5ye7rkgecwi6.png\",\"datePublished\":\"2024-04-30T10:54:39+00:00\",\"dateModified\":\"2024-11-14T13:36:41+00:00\",\"breadcrumb\":{\"@id\":\"https:\/\/lamontijanilla.es\/index.php\/sobre-mi\/#breadcrumb\"},\"inLanguage\":\"es\",\"potentialAction\":[{\"@type\":\"ReadAction\",\"target\":[\"https:\/\/lamontijanilla.es\/index.php\/sobre-mi\/\"]}]},{\"@type\":\"ImageObject\",\"inLanguage\":\"es\",\"@id\":\"https:\/\/lamontijanilla.es\/index.php\/sobre-mi\/#primaryimage\",\"url\":\"https:\/\/lamontijanilla.es\/wp-content\/uploads\/elementor\/thumbs\/yo-dibujo-animacion-qwiydp8p7he5g8boxhzhqqky472m0y5ye7rkgecwi6.png\",\"contentUrl\":\"https:\/\/lamontijanilla.es\/wp-content\/uploads\/elementor\/thumbs\/yo-dibujo-animacion-qwiydp8p7he5g8boxhzhqqky472m0y5ye7rkgecwi6.png\"},{\"@type\":\"BreadcrumbList\",\"@id\":\"https:\/\/lamontijanilla.es\/index.php\/sobre-mi\/#breadcrumb\",\"itemListElement\":[{\"@type\":\"ListItem\",\"position\":1,\"name\":\"Portada\",\"item\":\"https:\/\/lamontijanilla.es\/\"},{\"@type\":\"ListItem\",\"position\":2,\"name\":\"Sobre M\u00ed\"}]},{\"@type\":\"WebSite\",\"@id\":\"https:\/\/lamontijanilla.es\/#website\",\"url\":\"https:\/\/lamontijanilla.es\/\",\"name\":\"lamontijanilla\",\"description\":\"\",\"publisher\":{\"@id\":\"https:\/\/lamontijanilla.es\/#organization\"},\"potentialAction\":[{\"@type\":\"SearchAction\",\"target\":{\"@type\":\"EntryPoint\",\"urlTemplate\":\"https:\/\/lamontijanilla.es\/?s={search_term_string}\"},\"query-input\":{\"@type\":\"PropertyValueSpecification\",\"valueRequired\":true,\"valueName\":\"search_term_string\"}}],\"inLanguage\":\"es\"},{\"@type\":\"Organization\",\"@id\":\"https:\/\/lamontijanilla.es\/#organization\",\"name\":\"lamontijanilla\",\"url\":\"https:\/\/lamontijanilla.es\/\",\"logo\":{\"@type\":\"ImageObject\",\"inLanguage\":\"es\",\"@id\":\"https:\/\/lamontijanilla.es\/#\/schema\/logo\/image\/\",\"url\":\"https:\/\/lamontijanilla.es\/wp-content\/uploads\/2024\/04\/cropped-maria-montijana-munoz_Mesa-de-trabajo-1-copia.png\",\"contentUrl\":\"https:\/\/lamontijanilla.es\/wp-content\/uploads\/2024\/04\/cropped-maria-montijana-munoz_Mesa-de-trabajo-1-copia.png\",\"width\":581,\"height\":582,\"caption\":\"lamontijanilla\"},\"image\":{\"@id\":\"https:\/\/lamontijanilla.es\/#\/schema\/logo\/image\/\"}}]}<\/script>\n<!-- \/ Yoast SEO plugin. -->","yoast_head_json":{"title":"Sobre M\u00ed - lamontijanilla","robots":{"index":"index","follow":"follow","max-snippet":"max-snippet:-1","max-image-preview":"max-image-preview:large","max-video-preview":"max-video-preview:-1"},"canonical":"https:\/\/lamontijanilla.es\/index.php\/sobre-mi\/","og_locale":"es_ES","og_type":"article","og_title":"Sobre M\u00ed - lamontijanilla","og_description":"\u00a1Hola! a todos mis visitantes Soy Mar\u00eda Garc\u00eda Mu\u00f1oz, conocida como Mar\u00eda Montijana Mu\u00f1oz o La Montijanilla.Soy una estudiante de 21 a\u00f1os, de dise\u00f1o gr\u00e1fico en Granada. Desde peque\u00f1a, he tenido una pasi\u00f3n por el arte y la creatividad, lo que me llev\u00f3 a descubrir el mundo del dise\u00f1o gr\u00e1fico. Mi trabajo se caracteriza por ... Read moreSobre M\u00ed","og_url":"https:\/\/lamontijanilla.es\/index.php\/sobre-mi\/","og_site_name":"lamontijanilla","article_modified_time":"2024-11-14T13:36:41+00:00","og_image":[{"url":"https:\/\/lamontijanilla.es\/wp-content\/uploads\/elementor\/thumbs\/yo-dibujo-animacion-qwiydp8p7he5g8boxhzhqqky472m0y5ye7rkgecwi6.png","type":"","width":"","height":""}],"twitter_card":"summary_large_image","twitter_misc":{"Tiempo de lectura":"1 minuto"},"schema":{"@context":"https:\/\/schema.org","@graph":[{"@type":"WebPage","@id":"https:\/\/lamontijanilla.es\/index.php\/sobre-mi\/","url":"https:\/\/lamontijanilla.es\/index.php\/sobre-mi\/","name":"Sobre M\u00ed - lamontijanilla","isPartOf":{"@id":"https:\/\/lamontijanilla.es\/#website"},"primaryImageOfPage":{"@id":"https:\/\/lamontijanilla.es\/index.php\/sobre-mi\/#primaryimage"},"image":{"@id":"https:\/\/lamontijanilla.es\/index.php\/sobre-mi\/#primaryimage"},"thumbnailUrl":"https:\/\/lamontijanilla.es\/wp-content\/uploads\/elementor\/thumbs\/yo-dibujo-animacion-qwiydp8p7he5g8boxhzhqqky472m0y5ye7rkgecwi6.png","datePublished":"2024-04-30T10:54:39+00:00","dateModified":"2024-11-14T13:36:41+00:00","breadcrumb":{"@id":"https:\/\/lamontijanilla.es\/index.php\/sobre-mi\/#breadcrumb"},"inLanguage":"es","potentialAction":[{"@type":"ReadAction","target":["https:\/\/lamontijanilla.es\/index.php\/sobre-mi\/"]}]},{"@type":"ImageObject","inLanguage":"es","@id":"https:\/\/lamontijanilla.es\/index.php\/sobre-mi\/#primaryimage","url":"https:\/\/lamontijanilla.es\/wp-content\/uploads\/elementor\/thumbs\/yo-dibujo-animacion-qwiydp8p7he5g8boxhzhqqky472m0y5ye7rkgecwi6.png","contentUrl":"https:\/\/lamontijanilla.es\/wp-content\/uploads\/elementor\/thumbs\/yo-dibujo-animacion-qwiydp8p7he5g8boxhzhqqky472m0y5ye7rkgecwi6.png"},{"@type":"BreadcrumbList","@id":"https:\/\/lamontijanilla.es\/index.php\/sobre-mi\/#breadcrumb","itemListElement":[{"@type":"ListItem","position":1,"name":"Portada","item":"https:\/\/lamontijanilla.es\/"},{"@type":"ListItem","position":2,"name":"Sobre M\u00ed"}]},{"@type":"WebSite","@id":"https:\/\/lamontijanilla.es\/#website","url":"https:\/\/lamontijanilla.es\/","name":"lamontijanilla","description":"","publisher":{"@id":"https:\/\/lamontijanilla.es\/#organization"},"potentialAction":[{"@type":"SearchAction","target":{"@type":"EntryPoint","urlTemplate":"https:\/\/lamontijanilla.es\/?s={search_term_string}"},"query-input":{"@type":"PropertyValueSpecification","valueRequired":true,"valueName":"search_term_string"}}],"inLanguage":"es"},{"@type":"Organization","@id":"https:\/\/lamontijanilla.es\/#organization","name":"lamontijanilla","url":"https:\/\/lamontijanilla.es\/","logo":{"@type":"ImageObject","inLanguage":"es","@id":"https:\/\/lamontijanilla.es\/#\/schema\/logo\/image\/","url":"https:\/\/lamontijanilla.es\/wp-content\/uploads\/2024\/04\/cropped-maria-montijana-munoz_Mesa-de-trabajo-1-copia.png","contentUrl":"https:\/\/lamontijanilla.es\/wp-content\/uploads\/2024\/04\/cropped-maria-montijana-munoz_Mesa-de-trabajo-1-copia.png","width":581,"height":582,"caption":"lamontijanilla"},"image":{"@id":"https:\/\/lamontijanilla.es\/#\/schema\/logo\/image\/"}}]}},"_links":{"self":[{"href":"https:\/\/lamontijanilla.es\/index.php\/wp-json\/wp\/v2\/pages\/82","targetHints":{"allow":["GET"]}}],"collection":[{"href":"https:\/\/lamontijanilla.es\/index.php\/wp-json\/wp\/v2\/pages"}],"about":[{"href":"https:\/\/lamontijanilla.es\/index.php\/wp-json\/wp\/v2\/types\/page"}],"author":[{"embeddable":true,"href":"https:\/\/lamontijanilla.es\/index.php\/wp-json\/wp\/v2\/users\/1"}],"replies":[{"embeddable":true,"href":"https:\/\/lamontijanilla.es\/index.php\/wp-json\/wp\/v2\/comments?post=82"}],"version-history":[{"count":334,"href":"https:\/\/lamontijanilla.es\/index.php\/wp-json\/wp\/v2\/pages\/82\/revisions"}],"predecessor-version":[{"id":2103,"href":"https:\/\/lamontijanilla.es\/index.php\/wp-json\/wp\/v2\/pages\/82\/revisions\/2103"}],"wp:attachment":[{"href":"https:\/\/lamontijanilla.es\/index.php\/wp-json\/wp\/v2\/media?parent=82"}],"curies":[{"name":"wp","href":"https:\/\/api.w.org\/{rel}","templated":true}]}}