{"id":84,"date":"2024-04-30T10:54:57","date_gmt":"2024-04-30T10:54:57","guid":{"rendered":"https:\/\/lamontijanilla.es\/?page_id=84"},"modified":"2025-01-30T18:04:04","modified_gmt":"2025-01-30T18:04:04","slug":"trabajos","status":"publish","type":"page","link":"https:\/\/lamontijanilla.es\/index.php\/trabajos\/","title":{"rendered":"Trabajos"},"content":{"rendered":"\t\t<div data-elementor-type=\"wp-page\" data-elementor-id=\"84\" class=\"elementor elementor-84\" data-elementor-post-type=\"page\">\n\t\t\t\t<div class=\"elementor-element elementor-element-2d03376 e-flex e-con-boxed e-con e-parent\" data-id=\"2d03376\" data-element_type=\"container\">\n\t\t\t\t\t<div class=\"e-con-inner\">\n\t\t\t\t<div class=\"elementor-element elementor-element-f4b0c71 elementor-widget elementor-widget-heading\" data-id=\"f4b0c71\" data-element_type=\"widget\" data-settings=\"{&quot;motion_fx_motion_fx_scrolling&quot;:&quot;yes&quot;,&quot;motion_fx_translateX_effect&quot;:&quot;yes&quot;,&quot;motion_fx_translateX_direction&quot;:&quot;negative&quot;,&quot;motion_fx_translateX_speed&quot;:{&quot;unit&quot;:&quot;px&quot;,&quot;size&quot;:4,&quot;sizes&quot;:[]},&quot;motion_fx_translateX_affectedRange&quot;:{&quot;unit&quot;:&quot;%&quot;,&quot;size&quot;:&quot;&quot;,&quot;sizes&quot;:{&quot;start&quot;:0,&quot;end&quot;:100}},&quot;motion_fx_devices&quot;:[&quot;desktop&quot;,&quot;tablet&quot;,&quot;mobile&quot;]}\" data-widget_type=\"heading.default\">\n\t\t\t\t<div class=\"elementor-widget-container\">\n\t\t\t\t\t<h2 class=\"elementor-heading-title elementor-size-default\">\u00a1\u00a1Echa un vistazo!!<\/h2>\t\t\t\t<\/div>\n\t\t\t\t<\/div>\n\t\t\t\t\t<\/div>\n\t\t\t\t<\/div>\n\t\t<div class=\"elementor-element elementor-element-85a7dfb e-flex e-con-boxed elementor-invisible e-con e-parent\" data-id=\"85a7dfb\" data-element_type=\"container\" data-settings=\"{&quot;background_background&quot;:&quot;classic&quot;,&quot;animation&quot;:&quot;fadeInUp&quot;,&quot;animation_delay&quot;:100}\">\n\t\t\t\t\t<div class=\"e-con-inner\">\n\t\t<div class=\"elementor-element elementor-element-f0dbf96 e-con-full e-flex e-con e-child\" data-id=\"f0dbf96\" data-element_type=\"container\">\n\t\t<div class=\"elementor-element elementor-element-0fccbc0 e-con-full e-flex e-con e-child\" data-id=\"0fccbc0\" data-element_type=\"container\" data-settings=\"{&quot;background_background&quot;:&quot;classic&quot;}\">\n\t\t\t\t<div class=\"elementor-element elementor-element-6ff43f7 elementor-widget elementor-widget-heading\" data-id=\"6ff43f7\" data-element_type=\"widget\" data-widget_type=\"heading.default\">\n\t\t\t\t<div class=\"elementor-widget-container\">\n\t\t\t\t\t<h2 class=\"elementor-heading-title elementor-size-default\"><a href=\"https:\/\/lamontijanilla.es\/index.php\/animacion\/\">Tipograf\u00eda<\/a><\/h2>\t\t\t\t<\/div>\n\t\t\t\t<\/div>\n\t\t\t\t<div class=\"elementor-element elementor-element-1e5a9bc elementor-widget elementor-widget-text-editor\" data-id=\"1e5a9bc\" data-element_type=\"widget\" data-widget_type=\"text-editor.default\">\n\t\t\t\t<div class=\"elementor-widget-container\">\n\t\t\t\t\t\t\t\t\t<div class=\"flex-shrink-0 flex flex-col relative items-end\"><div><div class=\"pt-0\"><div class=\"gizmo-bot-avatar flex h-8 w-8 items-center justify-center overflow-hidden rounded-full\"><div class=\"relative p-1 rounded-sm flex items-center justify-center bg-token-main-surface-primary text-token-text-primary h-8 w-8\">La tipograf\u00eda organiza y estiliza textos para comunicar mensajes de forma clara y est\u00e9tica, transmitiendo emociones, jerarqu\u00edas e identidad visual.<\/div><\/div><\/div><\/div><\/div>\t\t\t\t\t\t\t\t<\/div>\n\t\t\t\t<\/div>\n\t\t\t\t<div class=\"elementor-element elementor-element-ec538fa elementor-widget__width-initial elementor-widget elementor-widget-image\" data-id=\"ec538fa\" data-element_type=\"widget\" data-widget_type=\"image.default\">\n\t\t\t\t<div class=\"elementor-widget-container\">\n\t\t\t\t\t\t\t\t\t\t\t\t\t\t\t<img decoding=\"async\" src=\"https:\/\/lamontijanilla.es\/wp-content\/uploads\/elementor\/thumbs\/Especimen-futurma-1-qpbztn4oyfk90eslcjngv1a11zdth509ua309dlzzy.jpg\" title=\"Esp\u00e9cimen futurma\" alt=\"Esp\u00e9cimen futurma\" loading=\"lazy\" \/>\t\t\t\t\t\t\t\t\t\t\t\t\t\t\t<\/div>\n\t\t\t\t<\/div>\n\t\t\t\t<\/div>\n\t\t<div class=\"elementor-element elementor-element-722ad33 e-con-full e-flex e-con e-child\" data-id=\"722ad33\" data-element_type=\"container\" data-settings=\"{&quot;background_background&quot;:&quot;classic&quot;}\">\n\t\t\t\t<div class=\"elementor-element elementor-element-7958868 elementor-widget elementor-widget-heading\" data-id=\"7958868\" data-element_type=\"widget\" data-widget_type=\"heading.default\">\n\t\t\t\t<div class=\"elementor-widget-container\">\n\t\t\t\t\t<h2 class=\"elementor-heading-title elementor-size-default\"><a href=\"https:\/\/lamontijanilla.es\/index.php\/animacion-2\/\">Animaci\u00f3n<\/a><\/h2>\t\t\t\t<\/div>\n\t\t\t\t<\/div>\n\t\t\t\t<div class=\"elementor-element elementor-element-f8b685e elementor-widget-tablet__width-initial elementor-widget elementor-widget-text-editor\" data-id=\"f8b685e\" data-element_type=\"widget\" data-widget_type=\"text-editor.default\">\n\t\t\t\t<div class=\"elementor-widget-container\">\n\t\t\t\t\t\t\t\t\t<p>La animaci\u00f3n en dise\u00f1o gr\u00e1fico aporta dinamismo y claridad, destacando ideas y mejorando la experiencia visual en medios digitales e interactivos.<\/p>\t\t\t\t\t\t\t\t<\/div>\n\t\t\t\t<\/div>\n\t\t\t\t<\/div>\n\t\t<div class=\"elementor-element elementor-element-fa5394b e-con-full e-flex e-con e-child\" data-id=\"fa5394b\" data-element_type=\"container\" data-settings=\"{&quot;background_background&quot;:&quot;classic&quot;}\">\n\t\t\t\t<div class=\"elementor-element elementor-element-0f825b3 elementor-widget elementor-widget-heading\" data-id=\"0f825b3\" data-element_type=\"widget\" data-widget_type=\"heading.default\">\n\t\t\t\t<div class=\"elementor-widget-container\">\n\t\t\t\t\t<h2 class=\"elementor-heading-title elementor-size-default\"><a href=\"https:\/\/lamontijanilla.es\/index.php\/ilustracion\/\">Ilustraci\u00f3n<\/a><\/h2>\t\t\t\t<\/div>\n\t\t\t\t<\/div>\n\t\t\t\t<div class=\"elementor-element elementor-element-221f81a elementor-widget-tablet__width-initial elementor-widget elementor-widget-text-editor\" data-id=\"221f81a\" data-element_type=\"widget\" data-widget_type=\"text-editor.default\">\n\t\t\t\t<div class=\"elementor-widget-container\">\n\t\t\t\t\t\t\t\t\t<div class=\"sr-free\" data-cooltipz-dir=\"bottom-left\" aria-label=\"Click sentence to rephrase\">La ilustraci\u00f3n aporta originalidad y conexi\u00f3n emocional, destacando en identidades visuales y piezas creativas para comunicar eficazmente.<\/div>\t\t\t\t\t\t\t\t<\/div>\n\t\t\t\t<\/div>\n\t\t\t\t<div class=\"elementor-element elementor-element-25e3161 elementor-widget elementor-widget-image\" data-id=\"25e3161\" data-element_type=\"widget\" data-widget_type=\"image.default\">\n\t\t\t\t<div class=\"elementor-widget-container\">\n\t\t\t\t\t\t\t\t\t\t\t\t\t\t\t<img decoding=\"async\" src=\"https:\/\/lamontijanilla.es\/wp-content\/uploads\/elementor\/thumbs\/3229e440_1-qp9e6ohlwl8iri32hksk5bu7oe1t8puhw9xr7hkcva.png\" title=\"ILUSTRACI\u00d3N\" alt=\"Vinilo canci\u00f3n &quot;RAFFAELLA&quot; del grupo Varry Brava\" loading=\"lazy\" \/>\t\t\t\t\t\t\t\t\t\t\t\t\t\t\t<\/div>\n\t\t\t\t<\/div>\n\t\t\t\t<\/div>\n\t\t\t\t<\/div>\n\t\t<div class=\"elementor-element elementor-element-f607114 e-con-full e-flex e-con e-child\" data-id=\"f607114\" data-element_type=\"container\">\n\t\t<div class=\"elementor-element elementor-element-313a513 e-con-full e-flex e-con e-child\" data-id=\"313a513\" data-element_type=\"container\" data-settings=\"{&quot;background_background&quot;:&quot;classic&quot;}\">\n\t\t\t\t<div class=\"elementor-element elementor-element-16cb47b elementor-widget elementor-widget-heading\" data-id=\"16cb47b\" data-element_type=\"widget\" data-widget_type=\"heading.default\">\n\t\t\t\t<div class=\"elementor-widget-container\">\n\t\t\t\t\t<h2 class=\"elementor-heading-title elementor-size-default\"><a href=\"https:\/\/lamontijanilla.es\/index.php\/editorial\/\">Editorial<\/a><\/h2>\t\t\t\t<\/div>\n\t\t\t\t<\/div>\n\t\t\t\t<div class=\"elementor-element elementor-element-77b4bea elementor-widget__width-initial elementor-widget-tablet__width-initial elementor-widget elementor-widget-text-editor\" data-id=\"77b4bea\" data-element_type=\"widget\" data-widget_type=\"text-editor.default\">\n\t\t\t\t<div class=\"elementor-widget-container\">\n\t\t\t\t\t\t\t\t\t<div class=\"flex-shrink-0 flex flex-col relative items-end\"><div><div class=\"pt-0\"><div class=\"gizmo-bot-avatar flex h-8 w-8 items-center justify-center overflow-hidden rounded-full\"><div class=\"relative p-1 rounded-sm flex items-center justify-center bg-token-main-surface-primary text-token-text-primary h-8 w-8\">El dise\u00f1o editorial organiza y presenta contenido visualmente atractivo y claro, combinando tipograf\u00eda e im\u00e1genes para mejorar la experiencia del lector.<\/div><\/div><\/div><\/div><\/div>\t\t\t\t\t\t\t\t<\/div>\n\t\t\t\t<\/div>\n\t\t\t\t<div class=\"elementor-element elementor-element-dadc2b2 elementor-widget elementor-widget-spacer\" data-id=\"dadc2b2\" data-element_type=\"widget\" data-widget_type=\"spacer.default\">\n\t\t\t\t<div class=\"elementor-widget-container\">\n\t\t\t\t\t\t\t<div class=\"elementor-spacer\">\n\t\t\t<div class=\"elementor-spacer-inner\"><\/div>\n\t\t<\/div>\n\t\t\t\t\t\t<\/div>\n\t\t\t\t<\/div>\n\t\t\t\t<\/div>\n\t\t<div class=\"elementor-element elementor-element-811e676 e-con-full e-flex e-con e-child\" data-id=\"811e676\" data-element_type=\"container\" data-settings=\"{&quot;background_background&quot;:&quot;classic&quot;}\">\n\t\t\t\t<div class=\"elementor-element elementor-element-483af94 elementor-widget elementor-widget-heading\" data-id=\"483af94\" data-element_type=\"widget\" data-widget_type=\"heading.default\">\n\t\t\t\t<div class=\"elementor-widget-container\">\n\t\t\t\t\t<h2 class=\"elementor-heading-title elementor-size-default\"><a href=\"https:\/\/lamontijanilla.es\/index.php\/identidad-packaging\/\">Identidad &amp; Packaging<\/a><\/h2>\t\t\t\t<\/div>\n\t\t\t\t<\/div>\n\t\t\t\t<div class=\"elementor-element elementor-element-356b85f elementor-widget-tablet__width-initial elementor-widget elementor-widget-text-editor\" data-id=\"356b85f\" data-element_type=\"widget\" data-widget_type=\"text-editor.default\">\n\t\t\t\t<div class=\"elementor-widget-container\">\n\t\t\t\t\t\t\t\t\t<p>El branding y el packaging son pilares esenciales del dise\u00f1o gr\u00e1fico para construir y comunicar la identidad de una marca.<\/p>\t\t\t\t\t\t\t\t<\/div>\n\t\t\t\t<\/div>\n\t\t\t\t<div class=\"elementor-element elementor-element-65286b9 elementor-widget elementor-widget-spacer\" data-id=\"65286b9\" data-element_type=\"widget\" data-widget_type=\"spacer.default\">\n\t\t\t\t<div class=\"elementor-widget-container\">\n\t\t\t\t\t\t\t<div class=\"elementor-spacer\">\n\t\t\t<div class=\"elementor-spacer-inner\"><\/div>\n\t\t<\/div>\n\t\t\t\t\t\t<\/div>\n\t\t\t\t<\/div>\n\t\t\t\t<\/div>\n\t\t\t\t<\/div>\n\t\t\t\t\t<\/div>\n\t\t\t\t<\/div>\n\t\t<div class=\"elementor-element elementor-element-8ec241d e-flex e-con-boxed e-con e-parent\" data-id=\"8ec241d\" data-element_type=\"container\">\n\t\t\t\t\t<div class=\"e-con-inner\">\n\t\t\t\t<div class=\"elementor-element elementor-element-abe4237 elementor-widget elementor-widget-spacer\" data-id=\"abe4237\" data-element_type=\"widget\" data-widget_type=\"spacer.default\">\n\t\t\t\t<div class=\"elementor-widget-container\">\n\t\t\t\t\t\t\t<div class=\"elementor-spacer\">\n\t\t\t<div class=\"elementor-spacer-inner\"><\/div>\n\t\t<\/div>\n\t\t\t\t\t\t<\/div>\n\t\t\t\t<\/div>\n\t\t\t\t\t<\/div>\n\t\t\t\t<\/div>\n\t\t\t\t<\/div>\n\t\t","protected":false},"excerpt":{"rendered":"<p>\u00a1\u00a1Echa un vistazo!! Tipograf\u00eda La tipograf\u00eda organiza y estiliza textos para comunicar mensajes de forma clara y est\u00e9tica, transmitiendo emociones, jerarqu\u00edas e identidad visual. Animaci\u00f3n La animaci\u00f3n en dise\u00f1o gr\u00e1fico aporta dinamismo y claridad, destacando ideas y mejorando la experiencia visual en medios digitales e interactivos. Ilustraci\u00f3n La ilustraci\u00f3n aporta originalidad y conexi\u00f3n emocional, destacando &#8230; <a title=\"Trabajos\" class=\"read-more\" href=\"https:\/\/lamontijanilla.es\/index.php\/trabajos\/\">Read more<span class=\"screen-reader-text\">Trabajos<\/span><\/a><\/p>\n","protected":false},"author":1,"featured_media":0,"parent":0,"menu_order":0,"comment_status":"closed","ping_status":"closed","template":"","meta":{"footnotes":""},"class_list":["post-84","page","type-page","status-publish"],"yoast_head":"<!-- This site is optimized with the Yoast SEO plugin v25.0 - https:\/\/yoast.com\/wordpress\/plugins\/seo\/ -->\n<title>Trabajos - lamontijanilla<\/title>\n<meta name=\"robots\" content=\"index, follow, max-snippet:-1, max-image-preview:large, max-video-preview:-1\" \/>\n<link rel=\"canonical\" href=\"https:\/\/lamontijanilla.es\/index.php\/trabajos\/\" \/>\n<meta property=\"og:locale\" content=\"es_ES\" \/>\n<meta property=\"og:type\" content=\"article\" \/>\n<meta property=\"og:title\" content=\"Trabajos - lamontijanilla\" \/>\n<meta property=\"og:description\" content=\"\u00a1\u00a1Echa un vistazo!! Tipograf\u00eda La tipograf\u00eda organiza y estiliza textos para comunicar mensajes de forma clara y est\u00e9tica, transmitiendo emociones, jerarqu\u00edas e identidad visual. Animaci\u00f3n La animaci\u00f3n en dise\u00f1o gr\u00e1fico aporta dinamismo y claridad, destacando ideas y mejorando la experiencia visual en medios digitales e interactivos. Ilustraci\u00f3n La ilustraci\u00f3n aporta originalidad y conexi\u00f3n emocional, destacando ... Read moreTrabajos\" \/>\n<meta property=\"og:url\" content=\"https:\/\/lamontijanilla.es\/index.php\/trabajos\/\" \/>\n<meta property=\"og:site_name\" content=\"lamontijanilla\" \/>\n<meta property=\"article:modified_time\" content=\"2025-01-30T18:04:04+00:00\" \/>\n<meta property=\"og:image\" content=\"https:\/\/lamontijanilla.es\/wp-content\/uploads\/elementor\/thumbs\/Especimen-futurma-1-qpbztn4oyfk90eslcjngv1a11zdth509ua309dlzzy.jpg\" \/>\n<meta name=\"twitter:card\" content=\"summary_large_image\" \/>\n<meta name=\"twitter:label1\" content=\"Tiempo de lectura\" \/>\n\t<meta name=\"twitter:data1\" content=\"1 minuto\" \/>\n<script type=\"application\/ld+json\" class=\"yoast-schema-graph\">{\"@context\":\"https:\/\/schema.org\",\"@graph\":[{\"@type\":\"WebPage\",\"@id\":\"https:\/\/lamontijanilla.es\/index.php\/trabajos\/\",\"url\":\"https:\/\/lamontijanilla.es\/index.php\/trabajos\/\",\"name\":\"Trabajos - lamontijanilla\",\"isPartOf\":{\"@id\":\"https:\/\/lamontijanilla.es\/#website\"},\"primaryImageOfPage\":{\"@id\":\"https:\/\/lamontijanilla.es\/index.php\/trabajos\/#primaryimage\"},\"image\":{\"@id\":\"https:\/\/lamontijanilla.es\/index.php\/trabajos\/#primaryimage\"},\"thumbnailUrl\":\"https:\/\/lamontijanilla.es\/wp-content\/uploads\/elementor\/thumbs\/Especimen-futurma-1-qpbztn4oyfk90eslcjngv1a11zdth509ua309dlzzy.jpg\",\"datePublished\":\"2024-04-30T10:54:57+00:00\",\"dateModified\":\"2025-01-30T18:04:04+00:00\",\"breadcrumb\":{\"@id\":\"https:\/\/lamontijanilla.es\/index.php\/trabajos\/#breadcrumb\"},\"inLanguage\":\"es\",\"potentialAction\":[{\"@type\":\"ReadAction\",\"target\":[\"https:\/\/lamontijanilla.es\/index.php\/trabajos\/\"]}]},{\"@type\":\"ImageObject\",\"inLanguage\":\"es\",\"@id\":\"https:\/\/lamontijanilla.es\/index.php\/trabajos\/#primaryimage\",\"url\":\"https:\/\/lamontijanilla.es\/wp-content\/uploads\/elementor\/thumbs\/Especimen-futurma-1-qpbztn4oyfk90eslcjngv1a11zdth509ua309dlzzy.jpg\",\"contentUrl\":\"https:\/\/lamontijanilla.es\/wp-content\/uploads\/elementor\/thumbs\/Especimen-futurma-1-qpbztn4oyfk90eslcjngv1a11zdth509ua309dlzzy.jpg\"},{\"@type\":\"BreadcrumbList\",\"@id\":\"https:\/\/lamontijanilla.es\/index.php\/trabajos\/#breadcrumb\",\"itemListElement\":[{\"@type\":\"ListItem\",\"position\":1,\"name\":\"Portada\",\"item\":\"https:\/\/lamontijanilla.es\/\"},{\"@type\":\"ListItem\",\"position\":2,\"name\":\"Trabajos\"}]},{\"@type\":\"WebSite\",\"@id\":\"https:\/\/lamontijanilla.es\/#website\",\"url\":\"https:\/\/lamontijanilla.es\/\",\"name\":\"lamontijanilla\",\"description\":\"\",\"publisher\":{\"@id\":\"https:\/\/lamontijanilla.es\/#organization\"},\"potentialAction\":[{\"@type\":\"SearchAction\",\"target\":{\"@type\":\"EntryPoint\",\"urlTemplate\":\"https:\/\/lamontijanilla.es\/?s={search_term_string}\"},\"query-input\":{\"@type\":\"PropertyValueSpecification\",\"valueRequired\":true,\"valueName\":\"search_term_string\"}}],\"inLanguage\":\"es\"},{\"@type\":\"Organization\",\"@id\":\"https:\/\/lamontijanilla.es\/#organization\",\"name\":\"lamontijanilla\",\"url\":\"https:\/\/lamontijanilla.es\/\",\"logo\":{\"@type\":\"ImageObject\",\"inLanguage\":\"es\",\"@id\":\"https:\/\/lamontijanilla.es\/#\/schema\/logo\/image\/\",\"url\":\"https:\/\/lamontijanilla.es\/wp-content\/uploads\/2024\/04\/cropped-maria-montijana-munoz_Mesa-de-trabajo-1-copia.png\",\"contentUrl\":\"https:\/\/lamontijanilla.es\/wp-content\/uploads\/2024\/04\/cropped-maria-montijana-munoz_Mesa-de-trabajo-1-copia.png\",\"width\":581,\"height\":582,\"caption\":\"lamontijanilla\"},\"image\":{\"@id\":\"https:\/\/lamontijanilla.es\/#\/schema\/logo\/image\/\"}}]}<\/script>\n<!-- \/ Yoast SEO plugin. -->","yoast_head_json":{"title":"Trabajos - lamontijanilla","robots":{"index":"index","follow":"follow","max-snippet":"max-snippet:-1","max-image-preview":"max-image-preview:large","max-video-preview":"max-video-preview:-1"},"canonical":"https:\/\/lamontijanilla.es\/index.php\/trabajos\/","og_locale":"es_ES","og_type":"article","og_title":"Trabajos - lamontijanilla","og_description":"\u00a1\u00a1Echa un vistazo!! Tipograf\u00eda La tipograf\u00eda organiza y estiliza textos para comunicar mensajes de forma clara y est\u00e9tica, transmitiendo emociones, jerarqu\u00edas e identidad visual. Animaci\u00f3n La animaci\u00f3n en dise\u00f1o gr\u00e1fico aporta dinamismo y claridad, destacando ideas y mejorando la experiencia visual en medios digitales e interactivos. Ilustraci\u00f3n La ilustraci\u00f3n aporta originalidad y conexi\u00f3n emocional, destacando ... Read moreTrabajos","og_url":"https:\/\/lamontijanilla.es\/index.php\/trabajos\/","og_site_name":"lamontijanilla","article_modified_time":"2025-01-30T18:04:04+00:00","og_image":[{"url":"https:\/\/lamontijanilla.es\/wp-content\/uploads\/elementor\/thumbs\/Especimen-futurma-1-qpbztn4oyfk90eslcjngv1a11zdth509ua309dlzzy.jpg","type":"","width":"","height":""}],"twitter_card":"summary_large_image","twitter_misc":{"Tiempo de lectura":"1 minuto"},"schema":{"@context":"https:\/\/schema.org","@graph":[{"@type":"WebPage","@id":"https:\/\/lamontijanilla.es\/index.php\/trabajos\/","url":"https:\/\/lamontijanilla.es\/index.php\/trabajos\/","name":"Trabajos - lamontijanilla","isPartOf":{"@id":"https:\/\/lamontijanilla.es\/#website"},"primaryImageOfPage":{"@id":"https:\/\/lamontijanilla.es\/index.php\/trabajos\/#primaryimage"},"image":{"@id":"https:\/\/lamontijanilla.es\/index.php\/trabajos\/#primaryimage"},"thumbnailUrl":"https:\/\/lamontijanilla.es\/wp-content\/uploads\/elementor\/thumbs\/Especimen-futurma-1-qpbztn4oyfk90eslcjngv1a11zdth509ua309dlzzy.jpg","datePublished":"2024-04-30T10:54:57+00:00","dateModified":"2025-01-30T18:04:04+00:00","breadcrumb":{"@id":"https:\/\/lamontijanilla.es\/index.php\/trabajos\/#breadcrumb"},"inLanguage":"es","potentialAction":[{"@type":"ReadAction","target":["https:\/\/lamontijanilla.es\/index.php\/trabajos\/"]}]},{"@type":"ImageObject","inLanguage":"es","@id":"https:\/\/lamontijanilla.es\/index.php\/trabajos\/#primaryimage","url":"https:\/\/lamontijanilla.es\/wp-content\/uploads\/elementor\/thumbs\/Especimen-futurma-1-qpbztn4oyfk90eslcjngv1a11zdth509ua309dlzzy.jpg","contentUrl":"https:\/\/lamontijanilla.es\/wp-content\/uploads\/elementor\/thumbs\/Especimen-futurma-1-qpbztn4oyfk90eslcjngv1a11zdth509ua309dlzzy.jpg"},{"@type":"BreadcrumbList","@id":"https:\/\/lamontijanilla.es\/index.php\/trabajos\/#breadcrumb","itemListElement":[{"@type":"ListItem","position":1,"name":"Portada","item":"https:\/\/lamontijanilla.es\/"},{"@type":"ListItem","position":2,"name":"Trabajos"}]},{"@type":"WebSite","@id":"https:\/\/lamontijanilla.es\/#website","url":"https:\/\/lamontijanilla.es\/","name":"lamontijanilla","description":"","publisher":{"@id":"https:\/\/lamontijanilla.es\/#organization"},"potentialAction":[{"@type":"SearchAction","target":{"@type":"EntryPoint","urlTemplate":"https:\/\/lamontijanilla.es\/?s={search_term_string}"},"query-input":{"@type":"PropertyValueSpecification","valueRequired":true,"valueName":"search_term_string"}}],"inLanguage":"es"},{"@type":"Organization","@id":"https:\/\/lamontijanilla.es\/#organization","name":"lamontijanilla","url":"https:\/\/lamontijanilla.es\/","logo":{"@type":"ImageObject","inLanguage":"es","@id":"https:\/\/lamontijanilla.es\/#\/schema\/logo\/image\/","url":"https:\/\/lamontijanilla.es\/wp-content\/uploads\/2024\/04\/cropped-maria-montijana-munoz_Mesa-de-trabajo-1-copia.png","contentUrl":"https:\/\/lamontijanilla.es\/wp-content\/uploads\/2024\/04\/cropped-maria-montijana-munoz_Mesa-de-trabajo-1-copia.png","width":581,"height":582,"caption":"lamontijanilla"},"image":{"@id":"https:\/\/lamontijanilla.es\/#\/schema\/logo\/image\/"}}]}},"_links":{"self":[{"href":"https:\/\/lamontijanilla.es\/index.php\/wp-json\/wp\/v2\/pages\/84","targetHints":{"allow":["GET"]}}],"collection":[{"href":"https:\/\/lamontijanilla.es\/index.php\/wp-json\/wp\/v2\/pages"}],"about":[{"href":"https:\/\/lamontijanilla.es\/index.php\/wp-json\/wp\/v2\/types\/page"}],"author":[{"embeddable":true,"href":"https:\/\/lamontijanilla.es\/index.php\/wp-json\/wp\/v2\/users\/1"}],"replies":[{"embeddable":true,"href":"https:\/\/lamontijanilla.es\/index.php\/wp-json\/wp\/v2\/comments?post=84"}],"version-history":[{"count":433,"href":"https:\/\/lamontijanilla.es\/index.php\/wp-json\/wp\/v2\/pages\/84\/revisions"}],"predecessor-version":[{"id":3075,"href":"https:\/\/lamontijanilla.es\/index.php\/wp-json\/wp\/v2\/pages\/84\/revisions\/3075"}],"wp:attachment":[{"href":"https:\/\/lamontijanilla.es\/index.php\/wp-json\/wp\/v2\/media?parent=84"}],"curies":[{"name":"wp","href":"https:\/\/api.w.org\/{rel}","templated":true}]}}